{"id":988,"date":"2021-06-23T16:59:07","date_gmt":"2021-06-23T16:59:07","guid":{"rendered":"http:\/\/inbest.mx\/pagina\/?page_id=988"},"modified":"2021-06-29T17:42:38","modified_gmt":"2021-06-29T17:42:38","slug":"inversion","status":"publish","type":"page","link":"https:\/\/inbest.mx\/pagina\/?page_id=988","title":{"rendered":"Inversi\u00f3n"},"content":{"rendered":"\n\n\n\n\n\n\n\n\n<p><font style=\"vertical-align: inherit;\"><font style=\"vertical-align: inherit;\"><b>Inversi\u00f3n Inmobiliaria<\/b><\/font><\/font><\/p>\n\n\n<span>Las inversiones inmobiliarias son una excelente alternativa en tiempos de incertidumbre econ\u00f3mica por tener activos tangibles como respaldo. El segmento de vivienda econ\u00f3mica en la Ciudad de M\u00e9xico ha mantenido un ritmo de absorci\u00f3n constante y de adecuada demanda, debido al inter\u00e9s de las familias que buscan evitar migrar a los municipios conurbados y que aspiran a adquirir una vivienda funcional, a un precio asequible, que les permita un estilo de vida confortable.<\/span>\n\n\n\n\n\n\n\n<p>Opci\u00f3n Inmobiliaria<\/p>\n\n\n<span>En Opci\u00f3n Inmobiliaria InBest generamos proyectos de vivienda que constituyen una magn\u00edfica oportunidad de inversi\u00f3n inmobiliaria para participar en negocios rentables con alto potencial de retorno.<\/span><span><font><font><br><\/font><\/font><\/span>\n\n\n\n\n\n\n\n<p>Esquemas de Inversi\u00f3n&nbsp;<\/p>\n\n\n<span>Manejamos distintos esquemas para inversionistas que deseen participar con capital semilla o aportaci\u00f3n de tierra para nuevos proyectos a trav\u00e9s de distintas opciones de instrumentos que brindan plena certeza jur\u00eddica a tu inversi\u00f3n. En Opci\u00f3n Inmobiliaria InBest tenemos amplia experiencia en la estructuraci\u00f3n de negocios inmobiliarios, lo que nos permite hacer \u201ctrajes a la medida\u201d.<\/span>\n\n\n\n\n","protected":false},"excerpt":{"rendered":"","protected":false},"author":1,"featured_media":0,"parent":0,"menu_order":0,"comment_status":"closed","ping_status":"closed","template":"","meta":{"footnotes":""},"class_list":["post-988","page","type-page","status-publish","hentry"],"_links":{"self":[{"href":"https:\/\/inbest.mx\/pagina\/index.php?rest_route=\/wp\/v2\/pages\/988","targetHints":{"allow":["GET"]}}],"collection":[{"href":"https:\/\/inbest.mx\/pagina\/index.php?rest_route=\/wp\/v2\/pages"}],"about":[{"href":"https:\/\/inbest.mx\/pagina\/index.php?rest_route=\/wp\/v2\/types\/page"}],"author":[{"embeddable":true,"href":"https:\/\/inbest.mx\/pagina\/index.php?rest_route=\/wp\/v2\/users\/1"}],"replies":[{"embeddable":true,"href":"https:\/\/inbest.mx\/pagina\/index.php?rest_route=%2Fwp%2Fv2%2Fcomments&post=988"}],"version-history":[{"count":22,"href":"https:\/\/inbest.mx\/pagina\/index.php?rest_route=\/wp\/v2\/pages\/988\/revisions"}],"predecessor-version":[{"id":1031,"href":"https:\/\/inbest.mx\/pagina\/index.php?rest_route=\/wp\/v2\/pages\/988\/revisions\/1031"}],"wp:attachment":[{"href":"https:\/\/inbest.mx\/pagina\/index.php?rest_route=%2Fwp%2Fv2%2Fmedia&parent=988"}],"curies":[{"name":"wp","href":"https:\/\/api.w.org\/{rel}","templated":true}]}}