{"id":216,"date":"2021-03-11T19:22:43","date_gmt":"2021-03-11T19:22:43","guid":{"rendered":"http:\/\/inbest.mx\/pagina\/?page_id=216"},"modified":"2021-06-24T16:02:01","modified_gmt":"2021-06-24T16:02:01","slug":"inicio","status":"publish","type":"page","link":"https:\/\/inbest.mx\/pagina\/?page_id=216","title":{"rendered":"Las Puertas"},"content":{"rendered":"\n\n\n\n<div><br><\/div><div><br><\/div><p>70 casas d\u00faplex en una propiedad con m\u00e1s del 50% de \u00e1reas libres<\/p><div><br><\/div><div><br><\/div><div><br><\/div>\n\n\n\n\n\ndesarrollo habitacional &#8220;las puertas&#8221;\n\n<br>\n<p><font style=\"vertical-align: inherit;\"><font style=\"vertical-align: inherit;\">Desde $1&#8217;550,000<\/font><\/font><\/p><p><font style=\"vertical-align: inherit;\"><font style=\"vertical-align: inherit;\"><br><\/font><\/font><\/p>\n<span>Vive en un condominio \u00fanico en la zona, con amplias&nbsp; \u00e1reas verdes.<br>Un balance entre espacios c\u00f3modos naturales y con cercan\u00eda al transporte p\u00fablico de la Ciudad de M\u00e9xico.<br>Dise\u00f1ado bajo el Nuevo Reglamento de Construcci\u00f3n Post Sismo de la CDMX.<\/span>\n\n\n\n\n\n\n\n\n\n\n\n<p><span style=\"color: rgb(255, 255, 255);\">61 m<sup>2<\/sup><\/span><\/p>\n\n\n\n\n\n<p><font color=\"#ffffff\"><span style=\"caret-color: rgb(255, 255, 255);\">2 rec\u00e1maras<span style=\"line-height: 2.0;\"><\/span><\/span><\/font><\/p>\n\n\n\n\n\n\n<p><font color=\"#ffffff\"><span style=\"caret-color: rgb(255, 255, 255);\"><span style=\"line-height: 2.0;\"><\/span>2 ba\u00f1os<span style=\"line-height: 1.5;\"><\/span><\/span><\/font><\/p>\n\n\n\n\n\n\n\n\n\n<p>Prototipos<\/p>\n\n\n<h2><br><\/h2>\n\n\n\n\n<p style=\"text-align: right; \"><span style=\"font-size: 20px; color: rgb(255, 255, 255);\"><strong style=\"line-height: 1;\">LOREM CORPORATE CEO<\/strong><\/span><\/p><p style=\"text-align: center;\"><span style=\"color: rgb(255, 255, 255);\">Duis aute irure dolor in reprehenderit in voluptate velit esse cillum dolore eu fugiat nulla pariatur. Excepteur sint occaecat cupidatat non proident, sunt in culpa qui officia deserunt mollit anim id est laborum.<\/span><\/p><p style=\"text-align: left;\"><sign>&nbsp; &nbsp; &nbsp; <span style=\"line-height: 2.0;\">Benn Marshall<\/span><\/sign><\/p>\n\n\n\n\n\n<p><span style=\"color: rgb(9, 9, 9);\">2 rec\u00e1maras&nbsp;&nbsp;<\/span><\/p>\n\n\n<p><span style=\"color: rgb(9, 9, 9);\">2 ba\u00f1os completos&nbsp;<\/span><\/p>\n\n\n<p><span style=\"color: rgb(9, 9, 9);\">Sala &#8211; Comedor &#8211; \u00c1rea de cocina<\/span><\/p>\n\n\n<p><span style=\"color: rgb(9, 9, 9);\">Solo 2 niveles (Una casa en cada nivel)<\/span><\/p>\n\n\n<p><span style=\"color: rgb(9, 9, 9);\">Jard\u00edn o Roof Garden privado<\/span><\/p>\n\n\n<p><span style=\"color: rgb(9, 9, 9);\">Biciestacionamientos<\/span><\/p>\n\n\n<p><span style=\"color: rgb(9, 9, 9);\">700 m2 de \u00e1reas verdes y&nbsp;<\/span><span style=\"color: rgb(9, 9, 9);\">recreativas<\/span><\/p>\n\n\n\nCalle Ejido 72 Pueblo Sn.Fco. Tlaltengo Tlahuac\n\n\n\nLas im\u00e1genes son solo representativas y pueden diferir de lo real\n\n\n\n\n\n<p>M\u00e1s informaci\u00f3n<\/p>\n\n\nCont\u00e1ctanos\n\n\n\n\n\n\n\n\n\n\n\n\nECOTECNOLOG\u00cdAS\n\n\n\n<p><br><\/p>\n\n\n<p><br><\/p>\n\n\n\n\n\n\n\n<p><br><\/p>\n\n\n<p><br><\/p>\n\n\n\n\n","protected":false},"excerpt":{"rendered":"","protected":false},"author":1,"featured_media":0,"parent":207,"menu_order":0,"comment_status":"closed","ping_status":"closed","template":"","meta":{"footnotes":""},"class_list":["post-216","page","type-page","status-publish","hentry"],"_links":{"self":[{"href":"https:\/\/inbest.mx\/pagina\/index.php?rest_route=\/wp\/v2\/pages\/216","targetHints":{"allow":["GET"]}}],"collection":[{"href":"https:\/\/inbest.mx\/pagina\/index.php?rest_route=\/wp\/v2\/pages"}],"about":[{"href":"https:\/\/inbest.mx\/pagina\/index.php?rest_route=\/wp\/v2\/types\/page"}],"author":[{"embeddable":true,"href":"https:\/\/inbest.mx\/pagina\/index.php?rest_route=\/wp\/v2\/users\/1"}],"replies":[{"embeddable":true,"href":"https:\/\/inbest.mx\/pagina\/index.php?rest_route=%2Fwp%2Fv2%2Fcomments&post=216"}],"version-history":[{"count":145,"href":"https:\/\/inbest.mx\/pagina\/index.php?rest_route=\/wp\/v2\/pages\/216\/revisions"}],"predecessor-version":[{"id":1021,"href":"https:\/\/inbest.mx\/pagina\/index.php?rest_route=\/wp\/v2\/pages\/216\/revisions\/1021"}],"up":[{"embeddable":true,"href":"https:\/\/inbest.mx\/pagina\/index.php?rest_route=\/wp\/v2\/pages\/207"}],"wp:attachment":[{"href":"https:\/\/inbest.mx\/pagina\/index.php?rest_route=%2Fwp%2Fv2%2Fmedia&parent=216"}],"curies":[{"name":"wp","href":"https:\/\/api.w.org\/{rel}","templated":true}]}}